{"id":1045,"date":"2024-05-29T12:38:39","date_gmt":"2024-05-29T11:38:39","guid":{"rendered":"https:\/\/portal.synapses-academies.eu\/?page_id=1045"},"modified":"2024-05-29T15:26:24","modified_gmt":"2024-05-29T14:26:24","slug":"user-submitted-resources-form","status":"publish","type":"page","link":"https:\/\/portal.synapses-academies.eu\/cs\/user-submitted-resources-form\/","title":{"rendered":"User submitted resources form"},"content":{"rendered":"<div class=\"fpsm-login-form-wrapper fpsm-login-form-template-9\">\n    <form name=\"fpsm-login-form\" id=\"fpsm-login-form\" action=\"https:\/\/portal.synapses-academies.eu\/wp-login.php\" method=\"post\"><p class=\"login-username\">\n\t\t\t\t<label for=\"user_login\">U\u017eivatelsk\u00e9 jm\u00e9no<\/label>\n\t\t\t\t<input type=\"text\" name=\"log\" id=\"user_login\" autocomplete=\"username\" class=\"input\" value=\"\" size=\"20\" \/>\n\t\t\t<\/p><p class=\"login-password\">\n\t\t\t\t<label for=\"user_pass\">Heslo<\/label>\n\t\t\t\t<input type=\"password\" name=\"pwd\" id=\"user_pass\" autocomplete=\"current-password\" spellcheck=\"false\" class=\"input\" value=\"\" size=\"20\" \/>\n\t\t\t<\/p><input type=\"hidden\" name=\"requested_page\" value=\"https:\/\/portal.synapses-academies.eu:443\/cs\/wp-json\/wp\/v2\/pages\/1045\"\/>                        <div class=\"fpsm-captcha-wrap\">\n                            <label><\/label>\n                            <div class=\"fpsm-field\">\n                                <div class=\"g-recaptcha\" data-sitekey=\"6LcV4uspAAAAAF-P-gn_Di_mLIurdeDxr5VdfE1j\"><\/div>\n                            <\/div>\n                        <\/div>\n                        <input type=\"hidden\" name=\"fpsm_login_check\" value=\"yes\" \/>\n                        <input type=\"hidden\" name=\"fpsm_alias\" value=\"user_submitted_resources\" \/>\n<p class=\"login-remember\"><label><input name=\"rememberme\" type=\"checkbox\" id=\"rememberme\" value=\"forever\" \/> Remember<\/label><\/p><p class=\"login-submit\">\n\t\t\t\t<input type=\"submit\" name=\"wp-submit\" id=\"wp-submit\" class=\"button button-primary\" value=\"P\u0159ihl\u00e1\u0161en\u00ed\" \/>\n\t\t\t\t<input type=\"hidden\" name=\"redirect_to\" value=\"https:\/\/portal.synapses-academies.eu:443\/cs\/wp-json\/wp\/v2\/pages\/1045\" \/>\n\t\t\t<\/p><\/form>        <div class=\"fpsm-login-note\">             <\/div>\n        <\/div>\n<script>jQuery(document).ready(function ($) {\n        if (window.location.href.indexOf('?') > -1) {\n            history.pushState('', document.title, window.location.pathname);\n        }\n    });\n<\/script>","protected":false},"excerpt":{"rendered":"","protected":false},"author":1,"featured_media":0,"parent":0,"menu_order":0,"comment_status":"closed","ping_status":"closed","template":"","meta":{"_et_pb_use_builder":"off","_et_pb_old_content":"","_et_gb_content_width":"1080","footnotes":""},"dipi_cpt_category":[],"class_list":["post-1045","page","type-page","status-publish","hentry"],"_links":{"self":[{"href":"https:\/\/portal.synapses-academies.eu\/cs\/wp-json\/wp\/v2\/pages\/1045","targetHints":{"allow":["GET"]}}],"collection":[{"href":"https:\/\/portal.synapses-academies.eu\/cs\/wp-json\/wp\/v2\/pages"}],"about":[{"href":"https:\/\/portal.synapses-academies.eu\/cs\/wp-json\/wp\/v2\/types\/page"}],"author":[{"embeddable":true,"href":"https:\/\/portal.synapses-academies.eu\/cs\/wp-json\/wp\/v2\/users\/1"}],"replies":[{"embeddable":true,"href":"https:\/\/portal.synapses-academies.eu\/cs\/wp-json\/wp\/v2\/comments?post=1045"}],"version-history":[{"count":2,"href":"https:\/\/portal.synapses-academies.eu\/cs\/wp-json\/wp\/v2\/pages\/1045\/revisions"}],"predecessor-version":[{"id":1048,"href":"https:\/\/portal.synapses-academies.eu\/cs\/wp-json\/wp\/v2\/pages\/1045\/revisions\/1048"}],"wp:attachment":[{"href":"https:\/\/portal.synapses-academies.eu\/cs\/wp-json\/wp\/v2\/media?parent=1045"}],"wp:term":[{"taxonomy":"dipi_cpt_category","embeddable":true,"href":"https:\/\/portal.synapses-academies.eu\/cs\/wp-json\/wp\/v2\/dipi_cpt_category?post=1045"}],"curies":[{"name":"wp","href":"https:\/\/api.w.org\/{rel}","templated":true}]}}